{"id":252,"date":"2009-01-06T21:57:50","date_gmt":"2009-01-06T20:57:50","guid":{"rendered":"http:\/\/www.kiew.org\/news\/?page_id=252"},"modified":"2024-03-24T12:17:47","modified_gmt":"2024-03-24T11:17:47","slug":"video","status":"publish","type":"page","link":"https:\/\/www.kiew.org\/news\/video\/","title":{"rendered":"video"},"content":{"rendered":"<p>Hier findet ihr eine Auswahl an KiEw-Videos, mehr davon gibt es auf unserem Youtube Channel!<\/p>\n<p>Here is a selection of KiEw-videos, you can find more on our Youtube channel!<\/p>\n<p><a href=\"http:\/\/www.youtube.com\/playlist?list=PL14E3956EA300A6D8&amp;feature=plcp\" target=\"_blank\" rel=\"noopener noreferrer\">YouTube Link<\/a>!<\/p>\n<p><strong>VIDEOCLIP SELECTION:<\/strong><\/p>\n<p><strong>Getting Angry<\/strong><br \/>\n<em>Videoclip produziert 2024 von Andreas Thedens \/ Damn Fine Club Of Cinema<\/em><br \/>\n<em>Videoclip Regie: Christian Grundey \/ Brainsmack<\/em><br \/>\n<iframe loading=\"lazy\" width=\"560\" height=\"315\" src=\"https:\/\/www.youtube.com\/embed\/y4rv6lHEIEo?si=ALZHwUNEw9NsKl2d\" title=\"YouTube video player\" frameborder=\"0\" allow=\"accelerometer; autoplay; clipboard-write; encrypted-media; gyroscope; picture-in-picture; web-share\" referrerpolicy=\"strict-origin-when-cross-origin\" allowfullscreen><\/iframe><\/p>\n<p><strong>Precinct 17 (feat.Blurred Twin)<\/strong><br \/>\n<em>Videoclip produziert 2019 von Andreas Thedens<\/em><br \/>\n<em>Videoclip Regie: Christian Grundey \/ Brainsmack<\/em><br \/>\n<iframe loading=\"lazy\" src=\"https:\/\/www.youtube.com\/embed\/-HrGrDMTLuM\" width=\"560\" height=\"315\" frameborder=\"0\" allowfullscreen=\"allowfullscreen\"><\/iframe><\/p>\n<p>&nbsp;<\/p>\n<p><strong>Stille\/Stimme (Remix by Dr.Debil)<\/strong><br \/>\n<em>Videoclip produziert 2010 von Christian Grundey \/ Brainsmack<\/em><br \/>\n<iframe loading=\"lazy\" src=\"https:\/\/www.youtube.com\/embed\/KLXUfNlWyms?rel=0\" width=\"560\" height=\"315\" frameborder=\"0\" allowfullscreen=\"allowfullscreen\"><\/iframe><\/p>\n<p>&nbsp;<\/p>\n<p><strong>Mister 29 (feat. Ambassador 21)<\/strong><br \/>\n<em>Videoclip produziert 2007 von Christian Grundey \/ Brainsmack<\/em><br \/>\n<iframe loading=\"lazy\" src=\"https:\/\/www.youtube.com\/embed\/r0RBw11jidU?rel=0\" width=\"560\" height=\"420\" frameborder=\"0\" allowfullscreen=\"allowfullscreen\"><\/iframe><\/p>\n<p>&nbsp;<\/p>\n<p><strong>Exit<\/strong><br \/>\n<em>Videoclip produziert 2006 von Christian Grundey \/ Brainsmack<\/em><br \/>\n<iframe loading=\"lazy\" src=\"https:\/\/www.youtube.com\/embed\/SOVhoBh347E\" width=\"560\" height=\"315\" frameborder=\"0\" allowfullscreen=\"allowfullscreen\"><\/iframe><\/p>\n<p>&nbsp;<\/p>\n<p><strong>dcdisk<\/strong><br \/>\n<em>Videoclip produziert 2004 von francis.t \/ thisisnotdesign.com<\/em><br \/>\n<iframe loading=\"lazy\" src=\"https:\/\/www.youtube.com\/embed\/Gvn7H6ZHY7I\" width=\"560\" height=\"315\" frameborder=\"0\" allowfullscreen=\"allowfullscreen\"><\/iframe><\/p>\n<p>&nbsp;<\/p>\n<p><strong>Nachtwache<\/strong><br \/>\n<em>Videoclip produziert 2004 von francis.t \/ thisisnotdesign.com<\/em><br \/>\n<iframe loading=\"lazy\" src=\"https:\/\/www.youtube.com\/embed\/YmKZI-tQ1To\" width=\"560\" height=\"315\" frameborder=\"0\" allowfullscreen=\"allowfullscreen\"><\/iframe><\/p>\n<p>&nbsp;<\/p>\n<p><strong>Degenerationsprogramm<\/strong><br \/>\n<em>Videoclip produziert 2006 von Christian Grundey \/ Brainsmack<\/em><br \/>\n<iframe loading=\"lazy\" src=\"https:\/\/www.youtube.com\/embed\/paNSyGU59Ms\" width=\"560\" height=\"315\" frameborder=\"0\" allowfullscreen=\"allowfullscreen\"><\/iframe><\/p>\n<p>&nbsp;<\/p>\n<p><strong>Ger\u00fcchte<\/strong><br \/>\n<em>Videoclip produziert 2006 von Jens Georg Kremer<\/em><br \/>\n<iframe loading=\"lazy\" src=\"https:\/\/www.youtube.com\/embed\/-lYHOOY3Mik\" width=\"560\" height=\"315\" frameborder=\"0\" allowfullscreen=\"allowfullscreen\"><\/iframe><\/p>\n<p>&nbsp;<\/p>\n<p><strong>Visite<\/strong><br \/>\n<em>Videoclip produziert 2006 von Jens Georg Kremer<\/em><br \/>\n<iframe loading=\"lazy\" src=\"https:\/\/www.youtube.com\/embed\/dvwP_JWQmsg\" width=\"560\" height=\"315\" frameborder=\"0\" allowfullscreen=\"allowfullscreen\"><\/iframe><\/p>\n<p>&nbsp;<\/p>\n<p><strong>MEHR VIDEOCLIPS<\/strong><\/p>\n<p>&nbsp;<\/p>\n<p><strong>Melancholie<\/strong><br \/>\n<em>Videoclip produziert 2010 von .Vel \/ the Spheres<\/em><br \/>\n<iframe loading=\"lazy\" src=\"https:\/\/www.youtube.com\/embed\/w5dU_XvlOJo\" width=\"560\" height=\"315\" frameborder=\"0\" allowfullscreen=\"allowfullscreen\"><\/iframe><\/p>\n<p>&nbsp;<\/p>\n<p><strong>Kessel<\/strong><br \/>\n<em>Videoclip produziert 2009 von Oleg Potiy (vj Dornier Wal)<\/em><br \/>\n<iframe loading=\"lazy\" src=\"https:\/\/www.youtube.com\/embed\/68E1gB_rBFo\" width=\"560\" height=\"315\" frameborder=\"0\" allowfullscreen=\"allowfullscreen\"><\/iframe><\/p>\n<p>&nbsp;<\/p>\n<p><strong>LIVE<\/strong><\/p>\n<p><strong>Stille\/Stimme (live 2018)<\/strong><br \/>\n<em>Live beim 27 Jahre KiEw Jubil\u00e4umsfest, Hafenklang, Hamburg, 03.02.18<\/em><br \/>\n<iframe loading=\"lazy\" src=\"https:\/\/www.youtube.com\/embed\/CNYUIv_B678\" width=\"560\" height=\"315\" frameborder=\"0\" allowfullscreen=\"allowfullscreen\"><\/iframe><\/p>\n<p>&nbsp;<\/p>\n<p><strong>Exit \/ Graograman (live 2016)<\/strong><br \/>\n<em>Live at Weird Noises 3, AJZ Bielefeld, 05.08.16<\/em><br \/>\n<iframe loading=\"lazy\" src=\"https:\/\/www.youtube.com\/embed\/hWtFbANCcLQ?rel=0\" width=\"560\" height=\"315\" frameborder=\"0\" allowfullscreen=\"allowfullscreen\"><\/iframe><\/p>\n<p>&nbsp;<\/p>\n<p><strong>Zimmer 72 (live 2016)<\/strong><br \/>\n<em>Live beim 25 Jahre KiEw Jubil\u00e4umsfest, Hafenklang, Hamburg, 19.02.16<\/em><br \/>\n<iframe loading=\"lazy\" src=\"https:\/\/www.youtube.com\/embed\/YcHJDq1lddE?rel=0\" width=\"560\" height=\"315\" frameborder=\"0\" allowfullscreen=\"allowfullscreen\"><\/iframe><\/p>\n<p>&nbsp;<\/p>\n<p><strong>dcdisk (live 2016)<\/strong><br \/>\n<em>Live beim 25 Jahre KiEw Jubil\u00e4umsfest, Hafenklang, Hamburg, 19.02.16<\/em><br \/>\n<iframe loading=\"lazy\" src=\"https:\/\/www.youtube.com\/embed\/sWNaWJ4h-LM?rel=0\" width=\"560\" height=\"315\" frameborder=\"0\" allowfullscreen=\"allowfullscreen\"><\/iframe><\/p>\n<p>&nbsp;<\/p>\n<p><strong>Stille\/Stimme (live 2016)<\/strong><br \/>\n<em>Live beim 25 Jahre KiEw Jubil\u00e4umsfest, Hafenklang, Hamburg, 19.02.16<\/em><br \/>\n<iframe loading=\"lazy\" src=\"https:\/\/www.youtube.com\/embed\/xLBdHTp1j3Q?rel=0\" width=\"560\" height=\"315\" frameborder=\"0\" allowfullscreen=\"allowfullscreen\"><\/iframe><\/p>\n<p>&nbsp;<\/p>\n<p><strong>Exit (live 2015)<\/strong><br \/>\n<em>Live at Fundbureau, Hamburg, 24.10.15<\/em><br \/>\n<iframe loading=\"lazy\" src=\"https:\/\/www.youtube.com\/embed\/5SB-daTcVoY?rel=0\" width=\"560\" height=\"315\" frameborder=\"0\" allowfullscreen=\"allowfullscreen\"><\/iframe><\/p>\n<p>&nbsp;<\/p>\n<p><strong>Graograman (live 2015)<\/strong><br \/>\n<em>Live at Fundbureau, Hamburg, 24.10.15<\/em><br \/>\n<iframe loading=\"lazy\" src=\"https:\/\/www.youtube.com\/embed\/m4jBtPCinm4?rel=0\" width=\"560\" height=\"315\" frameborder=\"0\" allowfullscreen=\"allowfullscreen\"><\/iframe><\/p>\n<p>&nbsp;<\/p>\n<p><strong>dcdisk (live 2013)<\/strong><br \/>\n<em>Live beim KiEw Jubil\u00e4umsfest, Anna &amp; Arthur, L\u00fcneburg, 14.12.13<\/em><br \/>\n<iframe loading=\"lazy\" src=\"https:\/\/www.youtube.com\/embed\/KmLbgj1Aqtg\" width=\"560\" height=\"315\" frameborder=\"0\" allowfullscreen=\"allowfullscreen\"><\/iframe><\/p>\n<p>&nbsp;<\/p>\n<p><strong>Staub (live 2013)<\/strong><br \/>\n<em>Live beim KiEw Jubil\u00e4umsfest, Anna &amp; Arthur, L\u00fcneburg, 14.12.13<\/em><br \/>\n<iframe loading=\"lazy\" src=\"https:\/\/www.youtube.com\/embed\/GgahZVpq5eA\" width=\"560\" height=\"315\" frameborder=\"0\" allowfullscreen=\"allowfullscreen\"><\/iframe><\/p>\n<p>&nbsp;<\/p>\n<p><strong>Mister 29 (monkeymix) (live 2013)<\/strong><br \/>\n<em>Live beim KiEw Jubil\u00e4umsfest, Anna &amp; Arthur, L\u00fcneburg, 14.12.13<\/em><br \/>\n<iframe loading=\"lazy\" src=\"https:\/\/www.youtube.com\/embed\/4si83HFaIW8\" width=\"560\" height=\"315\" frameborder=\"0\" allowfullscreen=\"allowfullscreen\"><\/iframe><\/p>\n<p>&nbsp;<\/p>\n<p><strong>Odessa (live 2013)<\/strong><br \/>\n<em>Live beim KiEw Jubil\u00e4umsfest, Anna &amp; Arthur, L\u00fcneburg, 14.12.13<\/em><br \/>\n<iframe loading=\"lazy\" src=\"https:\/\/www.youtube.com\/embed\/kI6sfy_mlh0\" width=\"560\" height=\"315\" frameborder=\"0\" allowfullscreen=\"allowfullscreen\"><\/iframe><\/p>\n<p>&nbsp;<\/p>\n<p><strong>Melancholie (live 2012)<\/strong><br \/>\n<em>Live beim Helldorado Festival 2012, Kaf\u00e9 Larsen, Trondheim, Norwegen, 11.08.12<\/em><br \/>\n<iframe loading=\"lazy\" src=\"http:\/\/www.youtube.com\/embed\/att4pM2Apio\" width=\"620\" height=\"349\" frameborder=\"0\"><\/iframe><\/p>\n<p>&nbsp;<\/p>\n<p><strong>Graograman (live 2012)<\/strong><br \/>\n<em>Live beim Kontrastmittel Festival 2012, Ottogrund, F\u00fcrth, 23.03.12<\/em><br \/>\n<iframe loading=\"lazy\" src=\"http:\/\/www.youtube.com\/embed\/nSzRN3XidAo\" width=\"620\" height=\"349\" frameborder=\"0\" allowfullscreen=\"allowfullscreen\"><\/iframe><\/p>\n<p>&nbsp;<\/p>\n<p><strong>Exit (live 2010)<\/strong><br \/>\n<em>Live at Anakronism 2.2, Moritzbastei, Leipzig, 12.02.10<\/em><br \/>\n<iframe loading=\"lazy\" src=\"http:\/\/www.youtube.com\/embed\/gb2eBHbeVvQ\" width=\"620\" height=\"349\" frameborder=\"0\" allowfullscreen=\"allowfullscreen\"><\/iframe><\/p>\n<p>&nbsp;<\/p>\n<p><strong>Zimmer 72 (live 2010)<\/strong><br \/>\n<em>Live at Anakronism 2.2, Moritzbastei, Leipzig, 12.02.10<\/em><br \/>\n<iframe loading=\"lazy\" src=\"http:\/\/www.youtube.com\/embed\/zqHIj8ph_l8\" width=\"620\" height=\"349\" frameborder=\"0\" allowfullscreen=\"allowfullscreen\"><\/iframe><\/p>\n<p>&nbsp;<\/p>\n<p><strong>K\u00e4ferfr\u00fchst\u00fcck \/ Therapiegespr\u00e4ch \/ Zimmer 72 (live 2009)<\/strong><br \/>\n<em>live beim Cybermental Festival, The Silver Church, Bukarest, Rum\u00e4nien, 02.10.09<\/em><br \/>\n<iframe loading=\"lazy\" src=\"http:\/\/www.youtube.com\/embed\/Ij5f2lwmzq4\" width=\"620\" height=\"465\" frameborder=\"0\" allowfullscreen=\"allowfullscreen\"><\/iframe><\/p>\n<p>&nbsp;<\/p>\n<p><strong>dcdisk (live 2008)<\/strong><br \/>\n<em>live im Club Relax, Moskau, Russland, 07.06.08<\/em><br \/>\n<iframe loading=\"lazy\" src=\"http:\/\/www.youtube.com\/embed\/6xvLCOyRpEI\" width=\"620\" height=\"465\" frameborder=\"0\" allowfullscreen=\"allowfullscreen\"><\/iframe><\/p>\n<p>&nbsp;<\/p>\n<p><strong>Zimmer 72 (live 2005)<\/strong><br \/>\n<em>live beim Infest 2005, Bradford, England, 28.08.05<\/em><br \/>\n<iframe loading=\"lazy\" src=\"http:\/\/www.youtube.com\/embed\/31TuBtLWfHE\" width=\"620\" height=\"465\" frameborder=\"0\" allowfullscreen=\"allowfullscreen\"><\/iframe><\/p>\n<p>&nbsp;<\/p>\n<p><strong>SONSTIGES<\/strong><\/p>\n<p>&nbsp;<\/p>\n<p><strong>Interview beim Kinetik Festival 2008<\/strong><br \/>\n<em>Interview mit Noisescape TV beim Kinetik Festival 2008, Montreal, Kanada<\/em><br \/>\n<iframe loading=\"lazy\" src=\"http:\/\/www.youtube.com\/embed\/CT6ycaTcJW0\" width=\"620\" height=\"349\" frameborder=\"0\" allowfullscreen=\"allowfullscreen\"><\/iframe><\/p>\n","protected":false},"excerpt":{"rendered":"<p>Hier findet ihr eine Auswahl an KiEw-Videos, mehr davon gibt es auf unserem Youtube Channel! Here is a selection of KiEw-videos, you can find more on our Youtube channel! YouTube Link! VIDEOCLIP SELECTION: Getting Angry Videoclip produziert 2024 von Andreas Thedens \/ Damn Fine Club Of Cinema Videoclip Regie: Christian Grundey \/ Brainsmack Precinct 17 (feat.Blurred Twin) Videoclip produziert 2019 von Andreas Thedens Videoclip Regie: Christian Grundey \/ Brainsmack &nbsp; Stille\/Stimme (Remix by Dr.Debil) Videoclip produziert 2010 von Christian Grundey [&hellip;]<\/p>\n","protected":false},"author":2,"featured_media":0,"parent":0,"menu_order":4,"comment_status":"closed","ping_status":"closed","template":"","meta":{"_acf_changed":false,"ngg_post_thumbnail":0,"footnotes":""},"class_list":["post-252","page","type-page","status-publish","hentry"],"acf":[],"yoast_head":"<!-- This site is optimized with the Yoast SEO plugin v27.2 - https:\/\/yoast.com\/product\/yoast-seo-wordpress\/ -->\n<title>video - KiEw<\/title>\n<meta name=\"robots\" content=\"index, follow, max-snippet:-1, max-image-preview:large, max-video-preview:-1\" \/>\n<link rel=\"canonical\" href=\"https:\/\/www.kiew.org\/news\/video\/\" \/>\n<meta property=\"og:locale\" content=\"de_DE\" \/>\n<meta property=\"og:type\" content=\"article\" \/>\n<meta property=\"og:title\" content=\"video - KiEw\" \/>\n<meta property=\"og:description\" content=\"Hier findet ihr eine Auswahl an KiEw-Videos, mehr davon gibt es auf unserem Youtube Channel! Here is a selection of KiEw-videos, you can find more on our Youtube channel! YouTube Link! VIDEOCLIP SELECTION: Getting Angry Videoclip produziert 2024 von Andreas Thedens \/ Damn Fine Club Of Cinema Videoclip Regie: Christian Grundey \/ Brainsmack Precinct 17 (feat.Blurred Twin) Videoclip produziert 2019 von Andreas Thedens Videoclip Regie: Christian Grundey \/ Brainsmack &nbsp; Stille\/Stimme (Remix by Dr.Debil) Videoclip produziert 2010 von Christian Grundey [&hellip;]\" \/>\n<meta property=\"og:url\" content=\"https:\/\/www.kiew.org\/news\/video\/\" \/>\n<meta property=\"og:site_name\" content=\"KiEw\" \/>\n<meta property=\"article:publisher\" content=\"https:\/\/www.facebook.com\/kiewofficial\/\" \/>\n<meta property=\"article:modified_time\" content=\"2024-03-24T11:17:47+00:00\" \/>\n<meta name=\"twitter:card\" content=\"summary_large_image\" \/>\n<meta name=\"twitter:site\" content=\"@kiew\" \/>\n<meta name=\"twitter:label1\" content=\"Gesch\u00e4tzte Lesezeit\" \/>\n\t<meta name=\"twitter:data1\" content=\"2\u00a0Minuten\" \/>\n<script type=\"application\/ld+json\" class=\"yoast-schema-graph\">{\"@context\":\"https:\/\/schema.org\",\"@graph\":[{\"@type\":\"WebPage\",\"@id\":\"https:\/\/www.kiew.org\/news\/video\/\",\"url\":\"https:\/\/www.kiew.org\/news\/video\/\",\"name\":\"video - KiEw\",\"isPartOf\":{\"@id\":\"https:\/\/www.kiew.org\/news\/#website\"},\"datePublished\":\"2009-01-06T20:57:50+00:00\",\"dateModified\":\"2024-03-24T11:17:47+00:00\",\"breadcrumb\":{\"@id\":\"https:\/\/www.kiew.org\/news\/video\/#breadcrumb\"},\"inLanguage\":\"de\",\"potentialAction\":[{\"@type\":\"ReadAction\",\"target\":[\"https:\/\/www.kiew.org\/news\/video\/\"]}]},{\"@type\":\"BreadcrumbList\",\"@id\":\"https:\/\/www.kiew.org\/news\/video\/#breadcrumb\",\"itemListElement\":[{\"@type\":\"ListItem\",\"position\":1,\"name\":\"Startseite\",\"item\":\"https:\/\/www.kiew.org\/news\/\"},{\"@type\":\"ListItem\",\"position\":2,\"name\":\"video\"}]},{\"@type\":\"WebSite\",\"@id\":\"https:\/\/www.kiew.org\/news\/#website\",\"url\":\"https:\/\/www.kiew.org\/news\/\",\"name\":\"KiEw\",\"description\":\"Neuigkeiten aus der Anstalt\",\"potentialAction\":[{\"@type\":\"SearchAction\",\"target\":{\"@type\":\"EntryPoint\",\"urlTemplate\":\"https:\/\/www.kiew.org\/news\/?s={search_term_string}\"},\"query-input\":{\"@type\":\"PropertyValueSpecification\",\"valueRequired\":true,\"valueName\":\"search_term_string\"}}],\"inLanguage\":\"de\"}]}<\/script>\n<!-- \/ Yoast SEO plugin. -->","yoast_head_json":{"title":"video - KiEw","robots":{"index":"index","follow":"follow","max-snippet":"max-snippet:-1","max-image-preview":"max-image-preview:large","max-video-preview":"max-video-preview:-1"},"canonical":"https:\/\/www.kiew.org\/news\/video\/","og_locale":"de_DE","og_type":"article","og_title":"video - KiEw","og_description":"Hier findet ihr eine Auswahl an KiEw-Videos, mehr davon gibt es auf unserem Youtube Channel! Here is a selection of KiEw-videos, you can find more on our Youtube channel! YouTube Link! VIDEOCLIP SELECTION: Getting Angry Videoclip produziert 2024 von Andreas Thedens \/ Damn Fine Club Of Cinema Videoclip Regie: Christian Grundey \/ Brainsmack Precinct 17 (feat.Blurred Twin) Videoclip produziert 2019 von Andreas Thedens Videoclip Regie: Christian Grundey \/ Brainsmack &nbsp; Stille\/Stimme (Remix by Dr.Debil) Videoclip produziert 2010 von Christian Grundey [&hellip;]","og_url":"https:\/\/www.kiew.org\/news\/video\/","og_site_name":"KiEw","article_publisher":"https:\/\/www.facebook.com\/kiewofficial\/","article_modified_time":"2024-03-24T11:17:47+00:00","twitter_card":"summary_large_image","twitter_site":"@kiew","twitter_misc":{"Gesch\u00e4tzte Lesezeit":"2\u00a0Minuten"},"schema":{"@context":"https:\/\/schema.org","@graph":[{"@type":"WebPage","@id":"https:\/\/www.kiew.org\/news\/video\/","url":"https:\/\/www.kiew.org\/news\/video\/","name":"video - KiEw","isPartOf":{"@id":"https:\/\/www.kiew.org\/news\/#website"},"datePublished":"2009-01-06T20:57:50+00:00","dateModified":"2024-03-24T11:17:47+00:00","breadcrumb":{"@id":"https:\/\/www.kiew.org\/news\/video\/#breadcrumb"},"inLanguage":"de","potentialAction":[{"@type":"ReadAction","target":["https:\/\/www.kiew.org\/news\/video\/"]}]},{"@type":"BreadcrumbList","@id":"https:\/\/www.kiew.org\/news\/video\/#breadcrumb","itemListElement":[{"@type":"ListItem","position":1,"name":"Startseite","item":"https:\/\/www.kiew.org\/news\/"},{"@type":"ListItem","position":2,"name":"video"}]},{"@type":"WebSite","@id":"https:\/\/www.kiew.org\/news\/#website","url":"https:\/\/www.kiew.org\/news\/","name":"KiEw","description":"Neuigkeiten aus der Anstalt","potentialAction":[{"@type":"SearchAction","target":{"@type":"EntryPoint","urlTemplate":"https:\/\/www.kiew.org\/news\/?s={search_term_string}"},"query-input":{"@type":"PropertyValueSpecification","valueRequired":true,"valueName":"search_term_string"}}],"inLanguage":"de"}]}},"_links":{"self":[{"href":"https:\/\/www.kiew.org\/news\/wp-json\/wp\/v2\/pages\/252","targetHints":{"allow":["GET"]}}],"collection":[{"href":"https:\/\/www.kiew.org\/news\/wp-json\/wp\/v2\/pages"}],"about":[{"href":"https:\/\/www.kiew.org\/news\/wp-json\/wp\/v2\/types\/page"}],"author":[{"embeddable":true,"href":"https:\/\/www.kiew.org\/news\/wp-json\/wp\/v2\/users\/2"}],"replies":[{"embeddable":true,"href":"https:\/\/www.kiew.org\/news\/wp-json\/wp\/v2\/comments?post=252"}],"version-history":[{"count":59,"href":"https:\/\/www.kiew.org\/news\/wp-json\/wp\/v2\/pages\/252\/revisions"}],"predecessor-version":[{"id":5708,"href":"https:\/\/www.kiew.org\/news\/wp-json\/wp\/v2\/pages\/252\/revisions\/5708"}],"wp:attachment":[{"href":"https:\/\/www.kiew.org\/news\/wp-json\/wp\/v2\/media?parent=252"}],"curies":[{"name":"wp","href":"https:\/\/api.w.org\/{rel}","templated":true}]}}