{"id":20,"date":"2008-12-30T21:31:51","date_gmt":"2008-12-30T20:31:51","guid":{"rendered":"http:\/\/www.kiew.org\/news\/?page_id=20"},"modified":"2019-02-21T17:53:49","modified_gmt":"2019-02-21T16:53:49","slug":"info","status":"publish","type":"page","link":"https:\/\/www.kiew.org\/news\/info\/","title":{"rendered":"info"},"content":{"rendered":"<div class=\"wpb-content-wrapper\"><p>[vc_row iron_row_type=&#8220;in_container&#8220; iron_remove_padding_medium=&#8220;&#8220; iron_remove_padding_small=&#8220;&#8220; iron_overlay_pattern=&#8220;&#8220; iron_parallax=&#8220;&#8220; iron_bg_video=&#8220;&#8220;][vc_column][\/vc_column][\/vc_row][vc_row iron_row_type=&#8220;in_container&#8220; iron_remove_padding_medium=&#8220;&#8220; iron_remove_padding_small=&#8220;&#8220; iron_overlay_pattern=&#8220;&#8220; iron_parallax=&#8220;&#8220; iron_bg_video=&#8220;&#8220;][vc_column][vc_single_image image=&#8220;4806&#8243; img_size=&#8220;large&#8220; add_caption=&#8220;yes&#8220; alignment=&#8220;center&#8220; img_fullwidth=&#8220;0&#8243;][vc_column_text]Willkommen im Hochsicherheitstrakt der Parallelwelt von <strong>KiEw<\/strong>,<br \/>\neinem der f\u00fchrenden Institute elektro-akustischer Psychotherapie!<\/p>\n<p>Wir wussten, dass Sie fr\u00fcher oder sp\u00e4ter zu uns finden w\u00fcrden.<\/p>\n<p>Ihr Zustand ist bereits mehr als bedenklich,<br \/>\ndaher besteht nur noch eine letzte Chance auf Heilung:<\/p>\n<p><strong>Audiotherapie!<\/strong><\/p>\n<p>Zuckende Gliedma\u00dfen zu rasenden Beats sind die entscheidenden Merkmale,<br \/>\ndie auf die \u00dcberwindung der Krise hinweisen<br \/>\n(und an deren Ende sich m\u00f6glicherweise das eigene Selbst finden l\u00e4\u00dft <a style=\"text-decoration: none;\" href=\"http:\/\/sildenafilotc.net\/\"><span style=\"color: #000000;\">sildenafil over the counter<\/span><\/a>).<\/p>\n<p>Unsere Experten Ihnen dabei jederzeit freundlich<br \/>\nmit bislang unerprobten medizinischen Ger\u00e4uschen zur Seite.<\/p>\n<p>Als Kr\u00f6nung Ihres pers\u00f6nlichen Medikamentenschranks steht Ihnen<br \/>\nunser Pr\u00e4parat <strong>&#8222;mental [per]mutation&#8220;<\/strong><br \/>\nin Form der bew\u00e4hrten praktischen Silberscheibe zur Verf\u00fcgung.<br \/>\nZu beziehen in jeder gut sortierten Apotheke!<\/p>\n<p>Neue psycho-akustische Ausz\u00fcge aus den Patientenakten,<br \/>\nungewohnte Therapieformen und multiple Selbstgespr\u00e4che mit zahlreichen Pers\u00f6nlichkeiten<br \/>\nwerden Sie bei den kommenden Gruppentherapien in Ihren Clubanstalten erleben k\u00f6nnen!<\/p>\n<p><strong>Nicht nur f\u00fcr Privatpatienten!<\/strong><\/p>\n<p>&nbsp;<\/p>\n<p>&nbsp;<\/p>\n<p>Welcome to the maximum security section at <strong>KiEw<\/strong>&#8217;s parallel universe,<br \/>\none of the leading institutes in electro-acoustic psychotherapy!<\/p>\n<p>We knew you would find us sooner or later.<\/p>\n<p>Your condition at this point of time is already more than alarming,<br \/>\nthere is only one last chance for recovery:<\/p>\n<p><strong>audiotherapy!<\/strong><\/p>\n<p>Twitching limbs to raging beats are the crucial characteristics<br \/>\nindicating the overcoming of the crisis<br \/>\n(at which point one may find his own self).<\/p>\n<p>Our experts are happy to support you with previously untested medical noises at any time.<\/p>\n<p>To complete your personal drug cabinet we will provide you<br \/>\nwith our product <strong>&#8222;mental [per]mutation&#8220;<\/strong><br \/>\nin form of an easy to swallow silver disc.<\/p>\n<p>Available in all well equipped pharmacies!<\/p>\n<p>Fresh psycho-acoustic excerpts of our patients files,<br \/>\nunusual therapy forms and multiple monolouges with a number of personalities<br \/>\nare awaiting you at the forthcoming group therapy sessions at your personal club asylums!<\/p>\n<p><strong>All forms of health insurance accepted!<\/strong><\/p>\n<p>&nbsp;[\/vc_column_text][\/vc_column][\/vc_row][vc_row iron_row_type=&#8220;in_container&#8220; iron_remove_padding_medium=&#8220;&#8220; iron_remove_padding_small=&#8220;&#8220; iron_overlay_pattern=&#8220;&#8220; iron_parallax=&#8220;&#8220; iron_bg_video=&#8220;&#8220;][vc_column][\/vc_column][\/vc_row]<\/p>\n<\/div>","protected":false},"excerpt":{"rendered":"<p>[vc_row iron_row_type=&#8220;in_container&#8220; iron_remove_padding_medium=&#8220;&#8220; iron_remove_padding_small=&#8220;&#8220; iron_overlay_pattern=&#8220;&#8220; iron_parallax=&#8220;&#8220; iron_bg_video=&#8220;&#8220;][vc_column][\/vc_column][\/vc_row][vc_row iron_row_type=&#8220;in_container&#8220; iron_remove_padding_medium=&#8220;&#8220; iron_remove_padding_small=&#8220;&#8220; iron_overlay_pattern=&#8220;&#8220; iron_parallax=&#8220;&#8220; iron_bg_video=&#8220;&#8220;][vc_column][vc_single_image image=&#8220;4806&#8243; img_size=&#8220;large&#8220; add_caption=&#8220;yes&#8220; alignment=&#8220;center&#8220; img_fullwidth=&#8220;0&#8243;][vc_column_text]Willkommen im Hochsicherheitstrakt der Parallelwelt von KiEw, einem der f\u00fchrenden Institute elektro-akustischer Psychotherapie! Wir wussten, dass Sie fr\u00fcher oder sp\u00e4ter zu uns finden w\u00fcrden. Ihr Zustand ist bereits mehr als bedenklich, daher besteht nur noch eine letzte Chance auf Heilung: Audiotherapie! Zuckende Gliedma\u00dfen zu rasenden Beats sind die entscheidenden Merkmale, die auf die \u00dcberwindung der Krise hinweisen (und an deren Ende sich m\u00f6glicherweise [&hellip;]<\/p>\n","protected":false},"author":2,"featured_media":0,"parent":0,"menu_order":0,"comment_status":"closed","ping_status":"closed","template":"","meta":{"_acf_changed":false,"ngg_post_thumbnail":0,"footnotes":""},"class_list":["post-20","page","type-page","status-publish","hentry"],"acf":[],"yoast_head":"<!-- This site is optimized with the Yoast SEO plugin v27.2 - https:\/\/yoast.com\/product\/yoast-seo-wordpress\/ -->\n<title>info - KiEw<\/title>\n<meta name=\"robots\" content=\"index, follow, max-snippet:-1, max-image-preview:large, max-video-preview:-1\" \/>\n<link rel=\"canonical\" href=\"https:\/\/www.kiew.org\/news\/info\/\" \/>\n<meta property=\"og:locale\" content=\"de_DE\" \/>\n<meta property=\"og:type\" content=\"article\" \/>\n<meta property=\"og:title\" content=\"info - KiEw\" \/>\n<meta property=\"og:description\" content=\"[vc_row iron_row_type=&#8220;in_container&#8220; iron_remove_padding_medium=&#8220;&#8220; iron_remove_padding_small=&#8220;&#8220; iron_overlay_pattern=&#8220;&#8220; iron_parallax=&#8220;&#8220; iron_bg_video=&#8220;&#8220;][vc_column][\/vc_column][\/vc_row][vc_row iron_row_type=&#8220;in_container&#8220; iron_remove_padding_medium=&#8220;&#8220; iron_remove_padding_small=&#8220;&#8220; iron_overlay_pattern=&#8220;&#8220; iron_parallax=&#8220;&#8220; iron_bg_video=&#8220;&#8220;][vc_column][vc_single_image image=&#8220;4806&#8243; img_size=&#8220;large&#8220; add_caption=&#8220;yes&#8220; alignment=&#8220;center&#8220; img_fullwidth=&#8220;0&#8243;][vc_column_text]Willkommen im Hochsicherheitstrakt der Parallelwelt von KiEw, einem der f\u00fchrenden Institute elektro-akustischer Psychotherapie! Wir wussten, dass Sie fr\u00fcher oder sp\u00e4ter zu uns finden w\u00fcrden. Ihr Zustand ist bereits mehr als bedenklich, daher besteht nur noch eine letzte Chance auf Heilung: Audiotherapie! Zuckende Gliedma\u00dfen zu rasenden Beats sind die entscheidenden Merkmale, die auf die \u00dcberwindung der Krise hinweisen (und an deren Ende sich m\u00f6glicherweise [&hellip;]\" \/>\n<meta property=\"og:url\" content=\"https:\/\/www.kiew.org\/news\/info\/\" \/>\n<meta property=\"og:site_name\" content=\"KiEw\" \/>\n<meta property=\"article:publisher\" content=\"https:\/\/www.facebook.com\/kiewofficial\/\" \/>\n<meta property=\"article:modified_time\" content=\"2019-02-21T16:53:49+00:00\" \/>\n<meta name=\"twitter:card\" content=\"summary_large_image\" \/>\n<meta name=\"twitter:site\" content=\"@kiew\" \/>\n<meta name=\"twitter:label1\" content=\"Gesch\u00e4tzte Lesezeit\" \/>\n\t<meta name=\"twitter:data1\" content=\"2\u00a0Minuten\" \/>\n<script type=\"application\/ld+json\" class=\"yoast-schema-graph\">{\"@context\":\"https:\/\/schema.org\",\"@graph\":[{\"@type\":\"WebPage\",\"@id\":\"https:\/\/www.kiew.org\/news\/info\/\",\"url\":\"https:\/\/www.kiew.org\/news\/info\/\",\"name\":\"info - KiEw\",\"isPartOf\":{\"@id\":\"https:\/\/www.kiew.org\/news\/#website\"},\"datePublished\":\"2008-12-30T20:31:51+00:00\",\"dateModified\":\"2019-02-21T16:53:49+00:00\",\"breadcrumb\":{\"@id\":\"https:\/\/www.kiew.org\/news\/info\/#breadcrumb\"},\"inLanguage\":\"de\",\"potentialAction\":[{\"@type\":\"ReadAction\",\"target\":[\"https:\/\/www.kiew.org\/news\/info\/\"]}]},{\"@type\":\"BreadcrumbList\",\"@id\":\"https:\/\/www.kiew.org\/news\/info\/#breadcrumb\",\"itemListElement\":[{\"@type\":\"ListItem\",\"position\":1,\"name\":\"Startseite\",\"item\":\"https:\/\/www.kiew.org\/news\/\"},{\"@type\":\"ListItem\",\"position\":2,\"name\":\"info\"}]},{\"@type\":\"WebSite\",\"@id\":\"https:\/\/www.kiew.org\/news\/#website\",\"url\":\"https:\/\/www.kiew.org\/news\/\",\"name\":\"KiEw\",\"description\":\"Neuigkeiten aus der Anstalt\",\"potentialAction\":[{\"@type\":\"SearchAction\",\"target\":{\"@type\":\"EntryPoint\",\"urlTemplate\":\"https:\/\/www.kiew.org\/news\/?s={search_term_string}\"},\"query-input\":{\"@type\":\"PropertyValueSpecification\",\"valueRequired\":true,\"valueName\":\"search_term_string\"}}],\"inLanguage\":\"de\"}]}<\/script>\n<!-- \/ Yoast SEO plugin. -->","yoast_head_json":{"title":"info - KiEw","robots":{"index":"index","follow":"follow","max-snippet":"max-snippet:-1","max-image-preview":"max-image-preview:large","max-video-preview":"max-video-preview:-1"},"canonical":"https:\/\/www.kiew.org\/news\/info\/","og_locale":"de_DE","og_type":"article","og_title":"info - KiEw","og_description":"[vc_row iron_row_type=&#8220;in_container&#8220; iron_remove_padding_medium=&#8220;&#8220; iron_remove_padding_small=&#8220;&#8220; iron_overlay_pattern=&#8220;&#8220; iron_parallax=&#8220;&#8220; iron_bg_video=&#8220;&#8220;][vc_column][\/vc_column][\/vc_row][vc_row iron_row_type=&#8220;in_container&#8220; iron_remove_padding_medium=&#8220;&#8220; iron_remove_padding_small=&#8220;&#8220; iron_overlay_pattern=&#8220;&#8220; iron_parallax=&#8220;&#8220; iron_bg_video=&#8220;&#8220;][vc_column][vc_single_image image=&#8220;4806&#8243; img_size=&#8220;large&#8220; add_caption=&#8220;yes&#8220; alignment=&#8220;center&#8220; img_fullwidth=&#8220;0&#8243;][vc_column_text]Willkommen im Hochsicherheitstrakt der Parallelwelt von KiEw, einem der f\u00fchrenden Institute elektro-akustischer Psychotherapie! Wir wussten, dass Sie fr\u00fcher oder sp\u00e4ter zu uns finden w\u00fcrden. Ihr Zustand ist bereits mehr als bedenklich, daher besteht nur noch eine letzte Chance auf Heilung: Audiotherapie! Zuckende Gliedma\u00dfen zu rasenden Beats sind die entscheidenden Merkmale, die auf die \u00dcberwindung der Krise hinweisen (und an deren Ende sich m\u00f6glicherweise [&hellip;]","og_url":"https:\/\/www.kiew.org\/news\/info\/","og_site_name":"KiEw","article_publisher":"https:\/\/www.facebook.com\/kiewofficial\/","article_modified_time":"2019-02-21T16:53:49+00:00","twitter_card":"summary_large_image","twitter_site":"@kiew","twitter_misc":{"Gesch\u00e4tzte Lesezeit":"2\u00a0Minuten"},"schema":{"@context":"https:\/\/schema.org","@graph":[{"@type":"WebPage","@id":"https:\/\/www.kiew.org\/news\/info\/","url":"https:\/\/www.kiew.org\/news\/info\/","name":"info - KiEw","isPartOf":{"@id":"https:\/\/www.kiew.org\/news\/#website"},"datePublished":"2008-12-30T20:31:51+00:00","dateModified":"2019-02-21T16:53:49+00:00","breadcrumb":{"@id":"https:\/\/www.kiew.org\/news\/info\/#breadcrumb"},"inLanguage":"de","potentialAction":[{"@type":"ReadAction","target":["https:\/\/www.kiew.org\/news\/info\/"]}]},{"@type":"BreadcrumbList","@id":"https:\/\/www.kiew.org\/news\/info\/#breadcrumb","itemListElement":[{"@type":"ListItem","position":1,"name":"Startseite","item":"https:\/\/www.kiew.org\/news\/"},{"@type":"ListItem","position":2,"name":"info"}]},{"@type":"WebSite","@id":"https:\/\/www.kiew.org\/news\/#website","url":"https:\/\/www.kiew.org\/news\/","name":"KiEw","description":"Neuigkeiten aus der Anstalt","potentialAction":[{"@type":"SearchAction","target":{"@type":"EntryPoint","urlTemplate":"https:\/\/www.kiew.org\/news\/?s={search_term_string}"},"query-input":{"@type":"PropertyValueSpecification","valueRequired":true,"valueName":"search_term_string"}}],"inLanguage":"de"}]}},"_links":{"self":[{"href":"https:\/\/www.kiew.org\/news\/wp-json\/wp\/v2\/pages\/20","targetHints":{"allow":["GET"]}}],"collection":[{"href":"https:\/\/www.kiew.org\/news\/wp-json\/wp\/v2\/pages"}],"about":[{"href":"https:\/\/www.kiew.org\/news\/wp-json\/wp\/v2\/types\/page"}],"author":[{"embeddable":true,"href":"https:\/\/www.kiew.org\/news\/wp-json\/wp\/v2\/users\/2"}],"replies":[{"embeddable":true,"href":"https:\/\/www.kiew.org\/news\/wp-json\/wp\/v2\/comments?post=20"}],"version-history":[{"count":30,"href":"https:\/\/www.kiew.org\/news\/wp-json\/wp\/v2\/pages\/20\/revisions"}],"predecessor-version":[{"id":4997,"href":"https:\/\/www.kiew.org\/news\/wp-json\/wp\/v2\/pages\/20\/revisions\/4997"}],"wp:attachment":[{"href":"https:\/\/www.kiew.org\/news\/wp-json\/wp\/v2\/media?parent=20"}],"curies":[{"name":"wp","href":"https:\/\/api.w.org\/{rel}","templated":true}]}}