{"id":2,"date":"2008-12-28T14:03:06","date_gmt":"2008-12-28T13:03:06","guid":{"rendered":"http:\/\/www.kiew.org\/news\/?page_id=2"},"modified":"2025-12-27T10:37:50","modified_gmt":"2025-12-27T09:37:50","slug":"impressum","status":"publish","type":"page","link":"https:\/\/www.kiew.org\/news\/impressum\/","title":{"rendered":"contact"},"content":{"rendered":"<p><strong>Impressum:<\/strong><\/p>\n<p>Betreiber dieser Seiten und inhaltlich Verantwortlicher gem\u00e4\u00df \u00a7 6 MDStV ist:<\/p>\n<p>KiEw<br \/>\nAndreas Thedens<br \/>\nBarckhausenstr. 30<br \/>\n21335 L\u00fcneburg<br \/>\nDeutschland<\/p>\n<p><strong>Kontakt mit KiEw<\/strong><\/p>\n<p>Neben freundlichen Drohbriefen, unvermeidlichen Promo-Anfragen, wahnwitzigen Interview-W\u00fcnschen und leichtsinnigen Konzert-Bookings, nehmen wir nat\u00fcrlich auch gerne (\u00fcber)fl\u00fcssige Geschenke (die wir dann im KiEw Shop weiterverkaufen) ohne jegliches Z\u00f6gern an! :)<\/p>\n<p>Bei Beschwerden, Anregungen oder Unlesbarkeit der Packungsbeilage:<\/p>\n<p>mail: kontakt {at} kiew {.} org<\/p>\n<p>Sollte irgendjemand ein unglaubliches Verlangen nach Bildern oder Texten oder sonstigen Bestandteilen dieser Seiten haben, so bitten&nbsp;wir&nbsp;VOR dem Entwenden folgendes zu beachten:<\/p>\n<p><strong>S\u00c4MTLICHE<\/strong> Inhalte der Website www.kiew.org sind (wenn nicht anders angegeben) urheberrechtlich gesch\u00fctzt und somit NICHT frei verf\u00fcgbar. Bei Reproduktionsw\u00fcnschen bitte eine E-Mail senden. Sollte jemand der Meinung sein, wir haben beim Erstellen der Website seine Rechte verletzt, so bitten wir um eine kurze Mitteilung, um ggf. etwaigen Rechtsverletzungen unverz\u00fcglich abhelfen zu k\u00f6nnen.<\/p>\n<p><strong>\u00a9 1990 &#8211; 2025 by KiEw<\/strong><br \/>\nKeine unerlaubte Vervielf\u00e4ltigung, Ver\u00f6ffentlichung oder (kommerzielle) Nutzung!<\/p>\n<p><a href=\"http:\/\/www.disclaimer.de\/disclaimer.htm?farbe=FFFFFF\/000000\/000000\/000000\"><strong>Haftungsausschluss Link<\/strong><\/a><\/p>\n<p><strong>DATENSCHUTZERKL\u00c4RUNG: <a href=\"http:\/\/www.kiew.org\/news\/datenschutz\/\">LINK<\/a><\/strong><\/p>\n<p>English:<br \/>\n<strong>Imprint:<\/strong><\/p>\n<p>Owner of these pages and responsible for it (\u00a7 6 MDStV) is:<\/p>\n<p>KiEw<br \/>\nAndreas Thedens<br \/>\nBarckhausenstr. 30<br \/>\n21335 L\u00fcneburg<br \/>\nGermany<br \/>\nphone. +49 177\/7417457<\/p>\n<p><strong>Contact with KiEw<\/strong><\/p>\n<p>Apart from kind, friendly threats, unavoidable promo offers, insane questioning by the music press and mindless concert-bookings, we also accept all kinds of useless (but not too worthless) gifts, which will be able for you to repurchase in the KiEw shop afterwards!<\/p>\n<p>If you want to complain, have insane ideas or just don\u00b4t understand the recipe, mail us.<\/p>\n<p>Should anyone be extremely keen on using, stealing or grabbing any pictures or text or other content displayed on this site, I advise you to be aware of the following:<\/p>\n<p>EVERYTHING on this web page is if not noted differently property of KiEw and not open for free use. For wishes of reproduction please send an email first. If someone thinks we might have interfered with his belongings then please send a short note to us so that we can react.<\/p>\n<p><strong>\u00a9 1990 &#8211; 2020 by KiEw<\/strong><\/p>\n<p>Unauthorized copying, distribution or (commerical) use is strictly prohibited!<\/p>\n<p><a href=\"http:\/\/www.disclaimer.de\/disclaimer.htm?farbe=FFFFFF\/000000\/000000\/000000\"><strong>Disclaimer Link<\/strong><\/a><\/p>\n","protected":false},"excerpt":{"rendered":"<p>Impressum: Betreiber dieser Seiten und inhaltlich Verantwortlicher gem\u00e4\u00df \u00a7 6 MDStV ist: KiEw Andreas Thedens Barckhausenstr. 30 21335 L\u00fcneburg Deutschland Kontakt mit KiEw Neben freundlichen Drohbriefen, unvermeidlichen Promo-Anfragen, wahnwitzigen Interview-W\u00fcnschen und leichtsinnigen Konzert-Bookings, nehmen wir nat\u00fcrlich auch gerne (\u00fcber)fl\u00fcssige Geschenke (die wir dann im KiEw Shop weiterverkaufen) ohne jegliches Z\u00f6gern an! :) Bei Beschwerden, Anregungen oder Unlesbarkeit der Packungsbeilage: mail: kontakt {at} kiew {.} org Sollte irgendjemand ein unglaubliches Verlangen nach Bildern oder Texten oder sonstigen Bestandteilen dieser Seiten haben, [&hellip;]<\/p>\n","protected":false},"author":2,"featured_media":0,"parent":0,"menu_order":9,"comment_status":"closed","ping_status":"closed","template":"","meta":{"_acf_changed":false,"ngg_post_thumbnail":0,"footnotes":""},"class_list":["post-2","page","type-page","status-publish","hentry"],"acf":[],"yoast_head":"<!-- This site is optimized with the Yoast SEO plugin v27.2 - https:\/\/yoast.com\/product\/yoast-seo-wordpress\/ -->\n<title>contact - KiEw<\/title>\n<meta name=\"robots\" content=\"index, follow, max-snippet:-1, max-image-preview:large, max-video-preview:-1\" \/>\n<link rel=\"canonical\" href=\"https:\/\/www.kiew.org\/news\/impressum\/\" \/>\n<meta property=\"og:locale\" content=\"de_DE\" \/>\n<meta property=\"og:type\" content=\"article\" \/>\n<meta property=\"og:title\" content=\"contact - KiEw\" \/>\n<meta property=\"og:description\" content=\"Impressum: Betreiber dieser Seiten und inhaltlich Verantwortlicher gem\u00e4\u00df \u00a7 6 MDStV ist: KiEw Andreas Thedens Barckhausenstr. 30 21335 L\u00fcneburg Deutschland Kontakt mit KiEw Neben freundlichen Drohbriefen, unvermeidlichen Promo-Anfragen, wahnwitzigen Interview-W\u00fcnschen und leichtsinnigen Konzert-Bookings, nehmen wir nat\u00fcrlich auch gerne (\u00fcber)fl\u00fcssige Geschenke (die wir dann im KiEw Shop weiterverkaufen) ohne jegliches Z\u00f6gern an! :) Bei Beschwerden, Anregungen oder Unlesbarkeit der Packungsbeilage: mail: kontakt {at} kiew {.} org Sollte irgendjemand ein unglaubliches Verlangen nach Bildern oder Texten oder sonstigen Bestandteilen dieser Seiten haben, [&hellip;]\" \/>\n<meta property=\"og:url\" content=\"https:\/\/www.kiew.org\/news\/impressum\/\" \/>\n<meta property=\"og:site_name\" content=\"KiEw\" \/>\n<meta property=\"article:publisher\" content=\"https:\/\/www.facebook.com\/kiewofficial\/\" \/>\n<meta property=\"article:modified_time\" content=\"2025-12-27T09:37:50+00:00\" \/>\n<meta name=\"twitter:card\" content=\"summary_large_image\" \/>\n<meta name=\"twitter:site\" content=\"@kiew\" \/>\n<meta name=\"twitter:label1\" content=\"Gesch\u00e4tzte Lesezeit\" \/>\n\t<meta name=\"twitter:data1\" content=\"2\u00a0Minuten\" \/>\n<script type=\"application\/ld+json\" class=\"yoast-schema-graph\">{\"@context\":\"https:\/\/schema.org\",\"@graph\":[{\"@type\":\"WebPage\",\"@id\":\"https:\/\/www.kiew.org\/news\/impressum\/\",\"url\":\"https:\/\/www.kiew.org\/news\/impressum\/\",\"name\":\"contact - KiEw\",\"isPartOf\":{\"@id\":\"https:\/\/www.kiew.org\/news\/#website\"},\"datePublished\":\"2008-12-28T13:03:06+00:00\",\"dateModified\":\"2025-12-27T09:37:50+00:00\",\"breadcrumb\":{\"@id\":\"https:\/\/www.kiew.org\/news\/impressum\/#breadcrumb\"},\"inLanguage\":\"de\",\"potentialAction\":[{\"@type\":\"ReadAction\",\"target\":[\"https:\/\/www.kiew.org\/news\/impressum\/\"]}]},{\"@type\":\"BreadcrumbList\",\"@id\":\"https:\/\/www.kiew.org\/news\/impressum\/#breadcrumb\",\"itemListElement\":[{\"@type\":\"ListItem\",\"position\":1,\"name\":\"Startseite\",\"item\":\"https:\/\/www.kiew.org\/news\/\"},{\"@type\":\"ListItem\",\"position\":2,\"name\":\"contact\"}]},{\"@type\":\"WebSite\",\"@id\":\"https:\/\/www.kiew.org\/news\/#website\",\"url\":\"https:\/\/www.kiew.org\/news\/\",\"name\":\"KiEw\",\"description\":\"Neuigkeiten aus der Anstalt\",\"potentialAction\":[{\"@type\":\"SearchAction\",\"target\":{\"@type\":\"EntryPoint\",\"urlTemplate\":\"https:\/\/www.kiew.org\/news\/?s={search_term_string}\"},\"query-input\":{\"@type\":\"PropertyValueSpecification\",\"valueRequired\":true,\"valueName\":\"search_term_string\"}}],\"inLanguage\":\"de\"}]}<\/script>\n<!-- \/ Yoast SEO plugin. -->","yoast_head_json":{"title":"contact - KiEw","robots":{"index":"index","follow":"follow","max-snippet":"max-snippet:-1","max-image-preview":"max-image-preview:large","max-video-preview":"max-video-preview:-1"},"canonical":"https:\/\/www.kiew.org\/news\/impressum\/","og_locale":"de_DE","og_type":"article","og_title":"contact - KiEw","og_description":"Impressum: Betreiber dieser Seiten und inhaltlich Verantwortlicher gem\u00e4\u00df \u00a7 6 MDStV ist: KiEw Andreas Thedens Barckhausenstr. 30 21335 L\u00fcneburg Deutschland Kontakt mit KiEw Neben freundlichen Drohbriefen, unvermeidlichen Promo-Anfragen, wahnwitzigen Interview-W\u00fcnschen und leichtsinnigen Konzert-Bookings, nehmen wir nat\u00fcrlich auch gerne (\u00fcber)fl\u00fcssige Geschenke (die wir dann im KiEw Shop weiterverkaufen) ohne jegliches Z\u00f6gern an! :) Bei Beschwerden, Anregungen oder Unlesbarkeit der Packungsbeilage: mail: kontakt {at} kiew {.} org Sollte irgendjemand ein unglaubliches Verlangen nach Bildern oder Texten oder sonstigen Bestandteilen dieser Seiten haben, [&hellip;]","og_url":"https:\/\/www.kiew.org\/news\/impressum\/","og_site_name":"KiEw","article_publisher":"https:\/\/www.facebook.com\/kiewofficial\/","article_modified_time":"2025-12-27T09:37:50+00:00","twitter_card":"summary_large_image","twitter_site":"@kiew","twitter_misc":{"Gesch\u00e4tzte Lesezeit":"2\u00a0Minuten"},"schema":{"@context":"https:\/\/schema.org","@graph":[{"@type":"WebPage","@id":"https:\/\/www.kiew.org\/news\/impressum\/","url":"https:\/\/www.kiew.org\/news\/impressum\/","name":"contact - KiEw","isPartOf":{"@id":"https:\/\/www.kiew.org\/news\/#website"},"datePublished":"2008-12-28T13:03:06+00:00","dateModified":"2025-12-27T09:37:50+00:00","breadcrumb":{"@id":"https:\/\/www.kiew.org\/news\/impressum\/#breadcrumb"},"inLanguage":"de","potentialAction":[{"@type":"ReadAction","target":["https:\/\/www.kiew.org\/news\/impressum\/"]}]},{"@type":"BreadcrumbList","@id":"https:\/\/www.kiew.org\/news\/impressum\/#breadcrumb","itemListElement":[{"@type":"ListItem","position":1,"name":"Startseite","item":"https:\/\/www.kiew.org\/news\/"},{"@type":"ListItem","position":2,"name":"contact"}]},{"@type":"WebSite","@id":"https:\/\/www.kiew.org\/news\/#website","url":"https:\/\/www.kiew.org\/news\/","name":"KiEw","description":"Neuigkeiten aus der Anstalt","potentialAction":[{"@type":"SearchAction","target":{"@type":"EntryPoint","urlTemplate":"https:\/\/www.kiew.org\/news\/?s={search_term_string}"},"query-input":{"@type":"PropertyValueSpecification","valueRequired":true,"valueName":"search_term_string"}}],"inLanguage":"de"}]}},"_links":{"self":[{"href":"https:\/\/www.kiew.org\/news\/wp-json\/wp\/v2\/pages\/2","targetHints":{"allow":["GET"]}}],"collection":[{"href":"https:\/\/www.kiew.org\/news\/wp-json\/wp\/v2\/pages"}],"about":[{"href":"https:\/\/www.kiew.org\/news\/wp-json\/wp\/v2\/types\/page"}],"author":[{"embeddable":true,"href":"https:\/\/www.kiew.org\/news\/wp-json\/wp\/v2\/users\/2"}],"replies":[{"embeddable":true,"href":"https:\/\/www.kiew.org\/news\/wp-json\/wp\/v2\/comments?post=2"}],"version-history":[{"count":43,"href":"https:\/\/www.kiew.org\/news\/wp-json\/wp\/v2\/pages\/2\/revisions"}],"predecessor-version":[{"id":5748,"href":"https:\/\/www.kiew.org\/news\/wp-json\/wp\/v2\/pages\/2\/revisions\/5748"}],"wp:attachment":[{"href":"https:\/\/www.kiew.org\/news\/wp-json\/wp\/v2\/media?parent=2"}],"curies":[{"name":"wp","href":"https:\/\/api.w.org\/{rel}","templated":true}]}}